{"id":54,"date":"2025-03-25T08:44:34","date_gmt":"2025-03-25T06:44:34","guid":{"rendered":"https:\/\/taidepajacaro.fi\/?page_id=54"},"modified":"2025-06-06T13:27:19","modified_gmt":"2025-06-06T11:27:19","slug":"carola-gunell","status":"publish","type":"page","link":"https:\/\/taidepajacaro.fi\/sv\/carola-gunell\/","title":{"rendered":"Carola Gunell"},"content":{"rendered":"<p>[et_pb_section fb_built=&#8221;1&#8243; custom_padding_last_edited=&#8221;off|desktop&#8221; _builder_version=&#8221;4.27.4&#8243; background_color=&#8221;#205050&#8243; custom_margin=&#8221;0px||0px||true|false&#8221; custom_padding=&#8221;0px||0px||false|false&#8221; custom_padding_tablet=&#8221;60px||60px||true|false&#8221; custom_padding_phone=&#8221;40px||40px||true|false&#8221; global_colors_info=&#8221;{}&#8221;][et_pb_row column_structure=&#8221;1_2,1_2&#8243; use_custom_gutter=&#8221;on&#8221; gutter_width=&#8221;1&#8243; module_class=&#8221;reverse-columns-mobile&#8221; _builder_version=&#8221;4.27.4&#8243; width=&#8221;100%&#8221; width_phone=&#8221;90%&#8221; width_last_edited=&#8221;off|desktop&#8221; max_width=&#8221;1500px&#8221; custom_margin=&#8221;0px||0px||true|false&#8221; custom_padding=&#8221;0px||0px||true|false&#8221; hover_enabled=&#8221;0&#8243; custom_css_main_element=&#8221;display: flex;||align-items: center;||flex-wrap: wrap;&#8221; global_colors_info=&#8221;{}&#8221; sticky_enabled=&#8221;0&#8243;][et_pb_column type=&#8221;1_2&#8243; _builder_version=&#8221;4.27.4&#8243; custom_padding=&#8221;|50px||50px|false|false&#8221; custom_padding_tablet=&#8221;30px|30px|30px|30px|true|true&#8221; custom_padding_phone=&#8221;40px|20px|40px|20px|true|true&#8221; custom_padding_last_edited=&#8221;on|phone&#8221; global_colors_info=&#8221;{}&#8221; custom_padding__hover=&#8221;|||&#8221;][et_pb_text admin_label=&#8221;Discover Beatuty Title&#8221; _builder_version=&#8221;4.27.4&#8243; text_font=&#8221;||||&#8221; text_text_color=&#8221;#1a1a1a&#8221; header_font=&#8221;&#8211;et_global_heading_font|600|||||||&#8221; header_text_align=&#8221;left&#8221; header_text_color=&#8221;#FFFFFF&#8221; header_font_size=&#8221;40px&#8221; header_line_height=&#8221;1.3em&#8221; header_2_font=&#8221;&#8211;et_global_heading_font|600|||||||&#8221; header_2_text_align=&#8221;left&#8221; header_2_text_color=&#8221;#FFFFFF&#8221; header_2_font_size=&#8221;50px&#8221; header_2_line_height=&#8221;1.3em&#8221; custom_margin=&#8221;||20px||false|false&#8221; custom_margin_tablet=&#8221;||||false|false&#8221; custom_margin_phone=&#8221;||10px||false|false&#8221; custom_margin_last_edited=&#8221;on|phone&#8221; animation_direction=&#8221;top&#8221; header_font_size_tablet=&#8221;35px&#8221; header_font_size_phone=&#8221;30px&#8221; header_font_size_last_edited=&#8221;on|phone&#8221; header_2_font_size_tablet=&#8221;40px&#8221; header_2_font_size_phone=&#8221;30px&#8221; header_2_font_size_last_edited=&#8221;on|phone&#8221; global_colors_info=&#8221;{}&#8221;]<\/p>\n<h1>Carola Gunell<\/h1>\n<p>[\/et_pb_text][et_pb_text admin_label=&#8221;Discover Beatuty Text&#8221; _builder_version=&#8221;4.27.4&#8243; text_font=&#8221;&#8211;et_global_body_font||||||||&#8221; text_text_color=&#8221;#FFFFFF&#8221; text_font_size=&#8221;16px&#8221; text_line_height=&#8221;1.6em&#8221; header_3_text_color=&#8221;#FFFFFF&#8221; header_3_line_height=&#8221;1.7em&#8221; custom_margin=&#8221;||||false|false&#8221; custom_padding=&#8221;||20px||false|false&#8221; custom_padding_tablet=&#8221;||20px||false|false&#8221; custom_padding_phone=&#8221;||0px||false|false&#8221; custom_padding_last_edited=&#8221;on|phone&#8221; animation_direction=&#8221;top&#8221; hover_enabled=&#8221;0&#8243; text_font_size_tablet=&#8221;17px&#8221; text_font_size_phone=&#8221;16px&#8221; text_font_size_last_edited=&#8221;off|desktop&#8221; global_colors_info=&#8221;{}&#8221; sticky_enabled=&#8221;0&#8243;]<\/p>\n<h3><strong>VTM, taidekeraamikko<\/strong><\/h3>\n<p>Taiteen toteuttaminen ja k\u00e4sill\u00e4 tekeminen ovat aina kuuluneet el\u00e4m\u00e4\u00e4ni. Tekemisen tarve on aina l\u00e4sn\u00e4. Ty\u00f6skentelymuodot \u2013 l\u00e4hinn\u00e4 keramiikka, kuvataide, hopeaty\u00f6 \u2013 ovat vuorotelleet tai v\u00e4lill\u00e4 kulkeneet rinnakkain.\u00a0<\/p>\n<p>Ihmiset, el\u00e4imet, valo, vesi, kivet, mets\u00e4 ja vuodenajat v\u00e4reineen \u2013 mielest\u00e4ni siin\u00e4 on kaikki oleellinen taiteelleni. Olen omaksunut kaksi tyyli\u00e4 \u2013 ensimm\u00e4inen on tarinan, sadun tai kertomuksen kautta syntyneen mielikuvan toteutus. T\u00e4ss\u00e4 el\u00e4imet ovat mainioita malleja. N\u00e4en el\u00e4imiss\u00e4 hyvin sympaattisia piirteit\u00e4, v\u00e4lill\u00e4 humoristisiakin. Toinen tyylini on abstrakti, ep\u00e4looginen, yksinkertaistettu ja pelkistetty. N\u00e4ihin esineisiin yhdist\u00e4n usein ruosteista rautaa.<\/p>\n<p>&nbsp;<\/p>\n<p>[\/et_pb_text][\/et_pb_column][et_pb_column type=&#8221;1_2&#8243; _builder_version=&#8221;4.27.4&#8243; background_enable_image=&#8221;off&#8221; custom_padding=&#8221;|||&#8221; global_colors_info=&#8221;{}&#8221; custom_padding__hover=&#8221;|||&#8221;][et_pb_image src=&#8221;https:\/\/taidepajacaro.fi\/wp-content\/uploads\/2025\/05\/Caro_taidepajassa.jpg&#8221; title_text=&#8221;Caro_taidepajassa&#8221; _builder_version=&#8221;4.27.4&#8243; _module_preset=&#8221;default&#8221; global_colors_info=&#8221;{}&#8221;][\/et_pb_image][\/et_pb_column][\/et_pb_row][\/et_pb_section][et_pb_section fb_built=&#8221;1&#8243; custom_padding_last_edited=&#8221;off|desktop&#8221; _builder_version=&#8221;4.27.4&#8243; background_color=&#8221;#8B5773&#8243; custom_margin=&#8221;0px||0px||true|false&#8221; custom_padding=&#8221;0px||0px||false|false&#8221; custom_padding_tablet=&#8221;60px||60px||true|false&#8221; custom_padding_phone=&#8221;40px||40px||true|false&#8221; global_colors_info=&#8221;{}&#8221;][et_pb_row column_structure=&#8221;1_2,1_2&#8243; use_custom_gutter=&#8221;on&#8221; gutter_width=&#8221;1&#8243; _builder_version=&#8221;4.27.4&#8243; width=&#8221;100%&#8221; width_phone=&#8221;90%&#8221; width_last_edited=&#8221;off|desktop&#8221; max_width=&#8221;1500px&#8221; custom_margin=&#8221;0px||0px||true|false&#8221; custom_padding=&#8221;0px||0px||true|false&#8221; custom_css_main_element=&#8221;display: flex;||align-items: center;||flex-wrap: wrap;&#8221; global_colors_info=&#8221;{}&#8221;][et_pb_column type=&#8221;1_2&#8243; _builder_version=&#8221;4.27.4&#8243; custom_padding=&#8221;||||false|false&#8221; custom_padding_tablet=&#8221;30px|30px|30px|30px|true|true&#8221; custom_padding_phone=&#8221;40px|20px|40px|20px|true|true&#8221; custom_padding_last_edited=&#8221;off|desktop&#8221; global_colors_info=&#8221;{}&#8221; custom_padding__hover=&#8221;|||&#8221;][et_pb_image src=&#8221;https:\/\/taidepajacaro.fi\/wp-content\/uploads\/2025\/05\/taloriipukset.jpg&#8221; title_text=&#8221;taloriipukset&#8221; _builder_version=&#8221;4.27.4&#8243; _module_preset=&#8221;default&#8221; global_colors_info=&#8221;{}&#8221;][\/et_pb_image][\/et_pb_column][et_pb_column type=&#8221;1_2&#8243; _builder_version=&#8221;4.27.4&#8243; background_enable_image=&#8221;off&#8221; custom_padding=&#8221;|50px||50px|false|false&#8221; custom_padding_tablet=&#8221;30px|30px|30px|30px|true|true&#8221; custom_padding_phone=&#8221;40px|20px|40px|20px|true|true&#8221; custom_padding_last_edited=&#8221;on|phone&#8221; global_colors_info=&#8221;{}&#8221; custom_padding__hover=&#8221;|||&#8221;][et_pb_text admin_label=&#8221;Discover Beatuty Title&#8221; _builder_version=&#8221;4.27.4&#8243; text_font=&#8221;||||&#8221; text_text_color=&#8221;#1a1a1a&#8221; header_font=&#8221;&#8211;et_global_heading_font|600|||||||&#8221; header_text_align=&#8221;left&#8221; header_text_color=&#8221;#FFFFFF&#8221; header_font_size=&#8221;40px&#8221; header_line_height=&#8221;1.3em&#8221; header_2_font=&#8221;&#8211;et_global_heading_font|600|||||||&#8221; header_2_text_align=&#8221;left&#8221; header_2_text_color=&#8221;#FFFFFF&#8221; header_2_font_size=&#8221;50px&#8221; header_2_line_height=&#8221;1.3em&#8221; custom_margin=&#8221;||20px||false|false&#8221; custom_margin_tablet=&#8221;||||false|false&#8221; custom_margin_phone=&#8221;||10px||false|false&#8221; custom_margin_last_edited=&#8221;on|phone&#8221; animation_direction=&#8221;top&#8221; header_font_size_tablet=&#8221;35px&#8221; header_font_size_phone=&#8221;30px&#8221; header_font_size_last_edited=&#8221;on|phone&#8221; header_2_font_size_tablet=&#8221;40px&#8221; header_2_font_size_phone=&#8221;30px&#8221; header_2_font_size_last_edited=&#8221;on|phone&#8221; global_colors_info=&#8221;{}&#8221;]<\/p>\n<h1>Savimaailmani<\/h1>\n<p>[\/et_pb_text][et_pb_text admin_label=&#8221;Discover Beatuty Text&#8221; _builder_version=&#8221;4.27.4&#8243; text_font=&#8221;&#8211;et_global_body_font||||||||&#8221; text_text_color=&#8221;#FFFFFF&#8221; text_font_size=&#8221;16px&#8221; text_line_height=&#8221;1.6em&#8221; custom_margin=&#8221;||||false|false&#8221; custom_padding=&#8221;||20px||false|false&#8221; custom_padding_tablet=&#8221;||20px||false|false&#8221; custom_padding_phone=&#8221;||0px||false|false&#8221; custom_padding_last_edited=&#8221;on|phone&#8221; animation_direction=&#8221;top&#8221; hover_enabled=&#8221;0&#8243; text_font_size_tablet=&#8221;17px&#8221; text_font_size_phone=&#8221;16px&#8221; text_font_size_last_edited=&#8221;off|desktop&#8221; global_colors_info=&#8221;{}&#8221; sticky_enabled=&#8221;0&#8243;]<\/p>\n<p>&#8211; <strong>pienet ihmeet<\/strong> eiv\u00e4t ole kadonneet mihink\u00e4\u00e4n<\/p>\n<p>Kostea savi, puhdas p\u00f6yt\u00e4, aurinko paistaa ty\u00f6huoneeseen, hiljaisuus \u2013 t\u00e4ydellinen hetki. T\u00e4ll\u00f6in voin kokea miten savi muokkautuu k\u00e4siss\u00e4ni esineiksi l\u00e4hes minusta riippumatta. Olen tulkinnut t\u00e4m\u00e4n tuntemuksen voimavaraksi, jolloin syvin minussa jo tiet\u00e4\u00e4 lopullisen muodon ja yksityiskohdat \u2013 kun tietoisuus ja kriittisyys tulevat jossain per\u00e4ss\u00e4.<\/p>\n<p>[\/et_pb_text][\/et_pb_column][\/et_pb_row][\/et_pb_section][et_pb_section fb_built=&#8221;1&#8243; custom_padding_last_edited=&#8221;off|desktop&#8221; _builder_version=&#8221;4.27.4&#8243; background_color=&#8221;#205050&#8243; custom_margin=&#8221;0px||0px||true|false&#8221; custom_padding=&#8221;0px||0px||false|false&#8221; custom_padding_tablet=&#8221;60px||60px||true|false&#8221; custom_padding_phone=&#8221;40px||40px||true|false&#8221; global_colors_info=&#8221;{}&#8221;][et_pb_row column_structure=&#8221;1_2,1_2&#8243; use_custom_gutter=&#8221;on&#8221; gutter_width=&#8221;1&#8243; module_class=&#8221;reverse-columns-mobile&#8221; _builder_version=&#8221;4.27.4&#8243; width=&#8221;100%&#8221; width_phone=&#8221;90%&#8221; width_last_edited=&#8221;off|desktop&#8221; max_width=&#8221;1500px&#8221; custom_margin=&#8221;0px||0px||true|false&#8221; custom_padding=&#8221;0px||0px||true|false&#8221; custom_css_main_element=&#8221;display: flex;||align-items: center;||flex-wrap: wrap;&#8221; global_colors_info=&#8221;{}&#8221;][et_pb_column type=&#8221;1_2&#8243; _builder_version=&#8221;4.27.4&#8243; custom_padding=&#8221;|50px||50px|false|false&#8221; custom_padding_tablet=&#8221;30px|30px|30px|30px|true|true&#8221; custom_padding_phone=&#8221;40px|20px|40px|20px|true|true&#8221; custom_padding_last_edited=&#8221;on|phone&#8221; global_colors_info=&#8221;{}&#8221; custom_padding__hover=&#8221;|||&#8221;][et_pb_text admin_label=&#8221;Discover Beatuty Title&#8221; _builder_version=&#8221;4.27.4&#8243; text_font=&#8221;||||&#8221; text_text_color=&#8221;#1a1a1a&#8221; header_font=&#8221;&#8211;et_global_body_font|700||on|||||&#8221; header_text_align=&#8221;left&#8221; header_text_color=&#8221;#000000&#8243; header_font_size=&#8221;60px&#8221; header_line_height=&#8221;1.3em&#8221; header_2_font=&#8221;&#8211;et_global_heading_font|600|||||||&#8221; header_2_text_align=&#8221;left&#8221; header_2_text_color=&#8221;#FFFFFF&#8221; header_2_font_size=&#8221;40px&#8221; header_2_line_height=&#8221;1.3em&#8221; custom_margin=&#8221;||10px||false|false&#8221; custom_margin_tablet=&#8221;||||false|false&#8221; custom_margin_phone=&#8221;||10px||false|false&#8221; custom_margin_last_edited=&#8221;on|phone&#8221; animation_direction=&#8221;top&#8221; header_2_font_size_tablet=&#8221;35px&#8221; header_2_font_size_phone=&#8221;30px&#8221; header_2_font_size_last_edited=&#8221;on|phone&#8221; global_colors_info=&#8221;{}&#8221;]<\/p>\n<h2>V\u00e4rit keramiikassani<\/h2>\n<p>[\/et_pb_text][et_pb_text admin_label=&#8221;Discover Beatuty Text&#8221; _builder_version=&#8221;4.27.4&#8243; text_font=&#8221;&#8211;et_global_body_font||||||||&#8221; text_text_color=&#8221;#FFFFFF&#8221; text_font_size=&#8221;16px&#8221; text_line_height=&#8221;1.6em&#8221; custom_margin=&#8221;||||false|false&#8221; custom_padding=&#8221;||20px||false|false&#8221; custom_padding_tablet=&#8221;||20px||false|false&#8221; custom_padding_phone=&#8221;||0px||false|false&#8221; custom_padding_last_edited=&#8221;on|phone&#8221; animation_direction=&#8221;top&#8221; text_font_size_tablet=&#8221;17px&#8221; text_font_size_phone=&#8221;16px&#8221; text_font_size_last_edited=&#8221;off|desktop&#8221; global_colors_info=&#8221;{}&#8221;]<\/p>\n<p>V\u00e4rit ja lasitteen ominaisuudet (kiilto, krakl\u00e9e, kuviot, moniv\u00e4risyys, el\u00e4vyys) ovat todella t\u00e4rkeit\u00e4 minulle. K\u00e4yt\u00e4n paljon aikaa suunnitellessa pintojen v\u00e4rityksi\u00e4. Lasitteet ovat keramiikassa yksi haastavimmista osa-alueista. Voimakkaat v\u00e4rit ja hienot vastav\u00e4rit ovat juttuni. Hyv\u00e4, el\u00e4v\u00e4 oranssi ja sen viereen pehme\u00e4, vaalea turkoosi \u2013 onnistuessaan t\u00e4ydellist\u00e4! T\u00e4ll\u00e4 matkalla olen viel\u00e4 kauan!<\/p>\n<p>[\/et_pb_text][\/et_pb_column][et_pb_column type=&#8221;1_2&#8243; _builder_version=&#8221;4.27.4&#8243; background_enable_image=&#8221;off&#8221; custom_padding=&#8221;|||&#8221; global_colors_info=&#8221;{}&#8221; custom_padding__hover=&#8221;|||&#8221;][et_pb_image src=&#8221;https:\/\/taidepajacaro.fi\/wp-content\/uploads\/2025\/05\/vihrea_lintu.jpg&#8221; title_text=&#8221;vihrea_lintu&#8221; _builder_version=&#8221;4.27.4&#8243; _module_preset=&#8221;default&#8221; global_colors_info=&#8221;{}&#8221;][\/et_pb_image][\/et_pb_column][\/et_pb_row][\/et_pb_section][et_pb_section fb_built=&#8221;1&#8243; custom_padding_last_edited=&#8221;off|desktop&#8221; module_id=&#8221;svenska&#8221; _builder_version=&#8221;4.27.4&#8243; background_color=&#8221;#8B5773&#8243; custom_margin=&#8221;0px||0px||true|false&#8221; custom_padding=&#8221;0px||0px||false|false&#8221; custom_padding_tablet=&#8221;60px||60px||true|false&#8221; custom_padding_phone=&#8221;40px||40px||true|false&#8221; global_colors_info=&#8221;{}&#8221;][et_pb_row column_structure=&#8221;1_2,1_2&#8243; use_custom_gutter=&#8221;on&#8221; gutter_width=&#8221;1&#8243; _builder_version=&#8221;4.27.4&#8243; width=&#8221;100%&#8221; width_phone=&#8221;90%&#8221; width_last_edited=&#8221;off|desktop&#8221; max_width=&#8221;1500px&#8221; custom_margin=&#8221;0px||0px||true|false&#8221; custom_padding=&#8221;0px||0px||true|false&#8221; custom_css_main_element=&#8221;display: flex;||align-items: center;||flex-wrap: wrap;&#8221; global_colors_info=&#8221;{}&#8221;][et_pb_column type=&#8221;1_2&#8243; _builder_version=&#8221;4.27.4&#8243; custom_padding=&#8221;||||false|false&#8221; custom_padding_tablet=&#8221;30px|30px|30px|30px|true|true&#8221; custom_padding_phone=&#8221;40px|20px|40px|20px|true|true&#8221; custom_padding_last_edited=&#8221;off|desktop&#8221; global_colors_info=&#8221;{}&#8221; custom_padding__hover=&#8221;|||&#8221;][et_pb_image src=&#8221;https:\/\/taidepajacaro.fi\/wp-content\/uploads\/2025\/04\/Carolan_tausta_alempi-2.jpg&#8221; title_text=&#8221;Carolan_tausta_alempi&#8221; _builder_version=&#8221;4.27.4&#8243; _module_preset=&#8221;default&#8221; global_colors_info=&#8221;{}&#8221;][\/et_pb_image][\/et_pb_column][et_pb_column type=&#8221;1_2&#8243; _builder_version=&#8221;4.27.4&#8243; background_enable_image=&#8221;off&#8221; custom_padding=&#8221;|50px||50px|false|false&#8221; custom_padding_tablet=&#8221;30px|30px|30px|30px|true|true&#8221; custom_padding_phone=&#8221;40px|20px|40px|20px|true|true&#8221; custom_padding_last_edited=&#8221;on|phone&#8221; global_colors_info=&#8221;{}&#8221; custom_padding__hover=&#8221;|||&#8221;][et_pb_text admin_label=&#8221;Discover Beatuty Title&#8221; _builder_version=&#8221;4.27.4&#8243; text_font=&#8221;||||&#8221; text_text_color=&#8221;#1a1a1a&#8221; header_font=&#8221;&#8211;et_global_body_font|700||on|||||&#8221; header_text_align=&#8221;left&#8221; header_text_color=&#8221;#000000&#8243; header_font_size=&#8221;60px&#8221; header_line_height=&#8221;1.3em&#8221; header_2_font=&#8221;&#8211;et_global_heading_font|600|||||||&#8221; header_2_text_align=&#8221;left&#8221; header_2_text_color=&#8221;#FFFFFF&#8221; header_2_font_size=&#8221;40px&#8221; header_2_line_height=&#8221;1.3em&#8221; custom_margin=&#8221;||10px||false|false&#8221; custom_margin_tablet=&#8221;||||false|false&#8221; custom_margin_phone=&#8221;||10px||false|false&#8221; custom_margin_last_edited=&#8221;on|phone&#8221; animation_direction=&#8221;top&#8221; header_2_font_size_tablet=&#8221;35px&#8221; header_2_font_size_phone=&#8221;30px&#8221; header_2_font_size_last_edited=&#8221;on|phone&#8221; global_colors_info=&#8221;{}&#8221;]<\/p>\n<h2>Miten keramiikka liittyy el\u00e4m\u00e4\u00e4ni nyt?<\/h2>\n<p>[\/et_pb_text][et_pb_text admin_label=&#8221;Discover Beatuty Text&#8221; _builder_version=&#8221;4.27.4&#8243; text_font=&#8221;&#8211;et_global_body_font||||||||&#8221; text_text_color=&#8221;#FFFFFF&#8221; text_font_size=&#8221;16px&#8221; text_line_height=&#8221;1.6em&#8221; custom_margin=&#8221;||||false|false&#8221; custom_padding=&#8221;||20px||false|false&#8221; custom_padding_tablet=&#8221;||20px||false|false&#8221; custom_padding_phone=&#8221;||0px||false|false&#8221; custom_padding_last_edited=&#8221;on|phone&#8221; animation_direction=&#8221;top&#8221; hover_enabled=&#8221;0&#8243; text_font_size_tablet=&#8221;17px&#8221; text_font_size_phone=&#8221;16px&#8221; text_font_size_last_edited=&#8221;off|desktop&#8221; global_colors_info=&#8221;{}&#8221; sticky_enabled=&#8221;0&#8243;]<\/p>\n<p>Vastaus: Kaikin tavoin eli opetan, py\u00f6rit\u00e4n yrityst\u00e4ni nimelt\u00e4\u00e4n Taidepaja Caro ja\u00a0 toimin aktiivisesti k\u00e4dentaitoyhdistyksess\u00e4, N\u00e4p\u00e4kk\u00e4 ry:ss\u00e4, kotikunnassani, Myn\u00e4m\u00e4ess\u00e4. Opetan Raision kansalaisopistossa ja alueellisissa yhdistyksiss\u00e4. P\u00e4\u00e4toimeni on kuitenkin keramiikkataiteeni luominen ja myyminen taidepajani kautta.<\/p>\n<p>[\/et_pb_text][\/et_pb_column][\/et_pb_row][\/et_pb_section]<\/p>\n","protected":false},"excerpt":{"rendered":"<p>Carola GunellVTM, taidekeraamikko Taiteen toteuttaminen ja k\u00e4sill\u00e4 tekeminen ovat aina kuuluneet el\u00e4m\u00e4\u00e4ni. Tekemisen tarve on aina l\u00e4sn\u00e4. Ty\u00f6skentelymuodot \u2013 l\u00e4hinn\u00e4 keramiikka, kuvataide, hopeaty\u00f6 \u2013 ovat vuorotelleet tai v\u00e4lill\u00e4 kulkeneet rinnakkain.\u00a0 Ihmiset, el\u00e4imet, valo, vesi, kivet, mets\u00e4 ja vuodenajat v\u00e4reineen \u2013 mielest\u00e4ni siin\u00e4 on kaikki oleellinen taiteelleni. Olen omaksunut kaksi tyyli\u00e4 \u2013 ensimm\u00e4inen on tarinan, sadun [&hellip;]<\/p>\n","protected":false},"author":1,"featured_media":0,"parent":0,"menu_order":0,"comment_status":"closed","ping_status":"closed","template":"","meta":{"_et_pb_use_builder":"on","_et_pb_old_content":"<!-- wp:divi\/placeholder \/-->","_et_gb_content_width":"","footnotes":""},"difl_page_category":[],"class_list":["post-54","page","type-page","status-publish","hentry"],"yoast_head":"<!-- This site is optimized with the Yoast SEO plugin v27.4 - https:\/\/yoast.com\/product\/yoast-seo-wordpress\/ -->\n<title>Carola Gunell - Taidepaja Caro<\/title>\n<meta name=\"robots\" content=\"index, follow, max-snippet:-1, max-image-preview:large, max-video-preview:-1\" \/>\n<link rel=\"canonical\" href=\"https:\/\/taidepajacaro.fi\/sv\/carola-gunell\/\" \/>\n<meta property=\"og:locale\" content=\"sv_SE\" \/>\n<meta property=\"og:type\" content=\"article\" \/>\n<meta property=\"og:title\" content=\"Carola Gunell - Taidepaja Caro\" \/>\n<meta property=\"og:description\" content=\"Carola GunellVTM, taidekeraamikko Taiteen toteuttaminen ja k\u00e4sill\u00e4 tekeminen ovat aina kuuluneet el\u00e4m\u00e4\u00e4ni. Tekemisen tarve on aina l\u00e4sn\u00e4. Ty\u00f6skentelymuodot \u2013 l\u00e4hinn\u00e4 keramiikka, kuvataide, hopeaty\u00f6 \u2013 ovat vuorotelleet tai v\u00e4lill\u00e4 kulkeneet rinnakkain.\u00a0 Ihmiset, el\u00e4imet, valo, vesi, kivet, mets\u00e4 ja vuodenajat v\u00e4reineen \u2013 mielest\u00e4ni siin\u00e4 on kaikki oleellinen taiteelleni. Olen omaksunut kaksi tyyli\u00e4 \u2013 ensimm\u00e4inen on tarinan, sadun [&hellip;]\" \/>\n<meta property=\"og:url\" content=\"https:\/\/taidepajacaro.fi\/sv\/carola-gunell\/\" \/>\n<meta property=\"og:site_name\" content=\"Taidepaja Caro\" \/>\n<meta property=\"article:modified_time\" content=\"2025-06-06T11:27:19+00:00\" \/>\n<meta name=\"twitter:card\" content=\"summary_large_image\" \/>\n<meta name=\"twitter:label1\" content=\"Ber\u00e4knad l\u00e4stid\" \/>\n\t<meta name=\"twitter:data1\" content=\"10 minuter\" \/>\n<script type=\"application\/ld+json\" class=\"yoast-schema-graph\">{\"@context\":\"https:\\\/\\\/schema.org\",\"@graph\":[{\"@type\":\"WebPage\",\"@id\":\"https:\\\/\\\/taidepajacaro.fi\\\/carola-gunell\\\/\",\"url\":\"https:\\\/\\\/taidepajacaro.fi\\\/carola-gunell\\\/\",\"name\":\"Carola Gunell - Taidepaja Caro\",\"isPartOf\":{\"@id\":\"https:\\\/\\\/taidepajacaro.fi\\\/#website\"},\"datePublished\":\"2025-03-25T06:44:34+00:00\",\"dateModified\":\"2025-06-06T11:27:19+00:00\",\"breadcrumb\":{\"@id\":\"https:\\\/\\\/taidepajacaro.fi\\\/carola-gunell\\\/#breadcrumb\"},\"inLanguage\":\"sv-SE\",\"potentialAction\":[{\"@type\":\"ReadAction\",\"target\":[\"https:\\\/\\\/taidepajacaro.fi\\\/carola-gunell\\\/\"]}]},{\"@type\":\"BreadcrumbList\",\"@id\":\"https:\\\/\\\/taidepajacaro.fi\\\/carola-gunell\\\/#breadcrumb\",\"itemListElement\":[{\"@type\":\"ListItem\",\"position\":1,\"name\":\"Etusivu\",\"item\":\"https:\\\/\\\/taidepajacaro.fi\\\/\"},{\"@type\":\"ListItem\",\"position\":2,\"name\":\"Carola Gunell\"}]},{\"@type\":\"WebSite\",\"@id\":\"https:\\\/\\\/taidepajacaro.fi\\\/#website\",\"url\":\"https:\\\/\\\/taidepajacaro.fi\\\/\",\"name\":\"Taidepaja CARO by Carola Gunell\",\"description\":\"\",\"potentialAction\":[{\"@type\":\"SearchAction\",\"target\":{\"@type\":\"EntryPoint\",\"urlTemplate\":\"https:\\\/\\\/taidepajacaro.fi\\\/?s={search_term_string}\"},\"query-input\":{\"@type\":\"PropertyValueSpecification\",\"valueRequired\":true,\"valueName\":\"search_term_string\"}}],\"inLanguage\":\"sv-SE\"}]}<\/script>\n<!-- \/ Yoast SEO plugin. -->","yoast_head_json":{"title":"Carola Gunell - Taidepaja Caro","robots":{"index":"index","follow":"follow","max-snippet":"max-snippet:-1","max-image-preview":"max-image-preview:large","max-video-preview":"max-video-preview:-1"},"canonical":"https:\/\/taidepajacaro.fi\/sv\/carola-gunell\/","og_locale":"sv_SE","og_type":"article","og_title":"Carola Gunell - Taidepaja Caro","og_description":"Carola GunellVTM, taidekeraamikko Taiteen toteuttaminen ja k\u00e4sill\u00e4 tekeminen ovat aina kuuluneet el\u00e4m\u00e4\u00e4ni. Tekemisen tarve on aina l\u00e4sn\u00e4. Ty\u00f6skentelymuodot \u2013 l\u00e4hinn\u00e4 keramiikka, kuvataide, hopeaty\u00f6 \u2013 ovat vuorotelleet tai v\u00e4lill\u00e4 kulkeneet rinnakkain.\u00a0 Ihmiset, el\u00e4imet, valo, vesi, kivet, mets\u00e4 ja vuodenajat v\u00e4reineen \u2013 mielest\u00e4ni siin\u00e4 on kaikki oleellinen taiteelleni. Olen omaksunut kaksi tyyli\u00e4 \u2013 ensimm\u00e4inen on tarinan, sadun [&hellip;]","og_url":"https:\/\/taidepajacaro.fi\/sv\/carola-gunell\/","og_site_name":"Taidepaja Caro","article_modified_time":"2025-06-06T11:27:19+00:00","twitter_card":"summary_large_image","twitter_misc":{"Ber\u00e4knad l\u00e4stid":"10 minuter"},"schema":{"@context":"https:\/\/schema.org","@graph":[{"@type":"WebPage","@id":"https:\/\/taidepajacaro.fi\/carola-gunell\/","url":"https:\/\/taidepajacaro.fi\/carola-gunell\/","name":"Carola Gunell - Taidepaja Caro","isPartOf":{"@id":"https:\/\/taidepajacaro.fi\/#website"},"datePublished":"2025-03-25T06:44:34+00:00","dateModified":"2025-06-06T11:27:19+00:00","breadcrumb":{"@id":"https:\/\/taidepajacaro.fi\/carola-gunell\/#breadcrumb"},"inLanguage":"sv-SE","potentialAction":[{"@type":"ReadAction","target":["https:\/\/taidepajacaro.fi\/carola-gunell\/"]}]},{"@type":"BreadcrumbList","@id":"https:\/\/taidepajacaro.fi\/carola-gunell\/#breadcrumb","itemListElement":[{"@type":"ListItem","position":1,"name":"Etusivu","item":"https:\/\/taidepajacaro.fi\/"},{"@type":"ListItem","position":2,"name":"Carola Gunell"}]},{"@type":"WebSite","@id":"https:\/\/taidepajacaro.fi\/#website","url":"https:\/\/taidepajacaro.fi\/","name":"Taidepaja CARO by Carola Gunell","description":"","potentialAction":[{"@type":"SearchAction","target":{"@type":"EntryPoint","urlTemplate":"https:\/\/taidepajacaro.fi\/?s={search_term_string}"},"query-input":{"@type":"PropertyValueSpecification","valueRequired":true,"valueName":"search_term_string"}}],"inLanguage":"sv-SE"}]}},"_links":{"self":[{"href":"https:\/\/taidepajacaro.fi\/sv\/wp-json\/wp\/v2\/pages\/54","targetHints":{"allow":["GET"]}}],"collection":[{"href":"https:\/\/taidepajacaro.fi\/sv\/wp-json\/wp\/v2\/pages"}],"about":[{"href":"https:\/\/taidepajacaro.fi\/sv\/wp-json\/wp\/v2\/types\/page"}],"author":[{"embeddable":true,"href":"https:\/\/taidepajacaro.fi\/sv\/wp-json\/wp\/v2\/users\/1"}],"replies":[{"embeddable":true,"href":"https:\/\/taidepajacaro.fi\/sv\/wp-json\/wp\/v2\/comments?post=54"}],"version-history":[{"count":35,"href":"https:\/\/taidepajacaro.fi\/sv\/wp-json\/wp\/v2\/pages\/54\/revisions"}],"predecessor-version":[{"id":455,"href":"https:\/\/taidepajacaro.fi\/sv\/wp-json\/wp\/v2\/pages\/54\/revisions\/455"}],"wp:attachment":[{"href":"https:\/\/taidepajacaro.fi\/sv\/wp-json\/wp\/v2\/media?parent=54"}],"wp:term":[{"taxonomy":"difl_page_category","embeddable":true,"href":"https:\/\/taidepajacaro.fi\/sv\/wp-json\/wp\/v2\/difl_page_category?post=54"}],"curies":[{"name":"wp","href":"https:\/\/api.w.org\/{rel}","templated":true}]}}